{"id":4410,"date":"2021-05-19T11:19:39","date_gmt":"2021-05-19T15:19:39","guid":{"rendered":"https:\/\/novvor.com\/es-cl\/?page_id=4410"},"modified":"2023-01-22T22:36:24","modified_gmt":"2023-01-23T01:36:24","slug":"message","status":"publish","type":"page","link":"https:\/\/novvor.com\/es-cl\/message\/","title":{"rendered":"Message"},"content":{"rendered":"\t\t<div data-elementor-type=\"wp-page\" data-elementor-id=\"4410\" class=\"elementor elementor-4410\" data-elementor-post-type=\"page\">\n\t\t\t\t\t\t<section class=\"elementor-section elementor-top-section elementor-element elementor-element-448fd29 elementor-section-boxed elementor-section-height-default elementor-section-height-default\" data-id=\"448fd29\" data-element_type=\"section\" data-e-type=\"section\">\n\t\t\t\t\t\t<div class=\"elementor-container elementor-column-gap-default\">\n\t\t\t\t\t<div class=\"elementor-column elementor-col-100 elementor-top-column elementor-element elementor-element-447e1d3f\" data-id=\"447e1d3f\" data-element_type=\"column\" data-e-type=\"column\">\n\t\t\t<div class=\"elementor-widget-wrap elementor-element-populated\">\n\t\t\t\t\t\t<section class=\"elementor-section elementor-inner-section elementor-element elementor-element-6e81ec5b elementor-section-boxed elementor-section-height-default elementor-section-height-default\" data-id=\"6e81ec5b\" data-element_type=\"section\" data-e-type=\"section\">\n\t\t\t\t\t\t<div class=\"elementor-container elementor-column-gap-default\">\n\t\t\t\t\t<div class=\"elementor-column elementor-col-100 elementor-inner-column elementor-element elementor-element-740f626a elementor-hidden-phone\" data-id=\"740f626a\" data-element_type=\"column\" data-e-type=\"column\">\n\t\t\t<div class=\"elementor-widget-wrap elementor-element-populated\">\n\t\t\t\t\t\t<div class=\"elementor-element elementor-element-545af28e elementor-widget elementor-widget-heading\" data-id=\"545af28e\" data-element_type=\"widget\" data-e-type=\"widget\" data-widget_type=\"heading.default\">\n\t\t\t\t<div class=\"elementor-widget-container\">\n\t\t\t\t\t<h2 class=\"elementor-heading-title elementor-size-default\">Gracias\n<\/h2>\t\t\t\t<\/div>\n\t\t\t\t<\/div>\n\t\t\t\t<div class=\"elementor-element elementor-element-658822b elementor-widget elementor-widget-heading\" data-id=\"658822b\" data-element_type=\"widget\" data-e-type=\"widget\" data-widget_type=\"heading.default\">\n\t\t\t\t<div class=\"elementor-widget-container\">\n\t\t\t\t\t<h3 class=\"elementor-heading-title elementor-size-default\">Nuestro equipo de ventas le responder\u00e1 lo antes posible.<\/h3>\t\t\t\t<\/div>\n\t\t\t\t<\/div>\n\t\t\t\t<div class=\"elementor-element elementor-element-8a2c290 elementor-align-center elementor-widget elementor-widget-button\" data-id=\"8a2c290\" data-element_type=\"widget\" data-e-type=\"widget\" data-widget_type=\"button.default\">\n\t\t\t\t<div class=\"elementor-widget-container\">\n\t\t\t\t\t\t\t\t\t<div class=\"elementor-button-wrapper\">\n\t\t\t\t\t<a class=\"elementor-button elementor-button-link elementor-size-sm\" href=\"https:\/\/novvor.com\/es-cl\">\n\t\t\t\t\t\t<span class=\"elementor-button-content-wrapper\">\n\t\t\t\t\t\t\t\t\t<span class=\"elementor-button-text\">Listo<\/span>\n\t\t\t\t\t<\/span>\n\t\t\t\t\t<\/a>\n\t\t\t\t<\/div>\n\t\t\t\t\t\t\t\t<\/div>\n\t\t\t\t<\/div>\n\t\t\t\t\t<\/div>\n\t\t<\/div>\n\t\t\t\t\t<\/div>\n\t\t<\/section>\n\t\t\t\t\t<\/div>\n\t\t<\/div>\n\t\t\t\t\t<\/div>\n\t\t<\/section>\n\t\t\t\t<section class=\"elementor-section elementor-top-section elementor-element elementor-element-78f4e052 elementor-section-boxed elementor-section-height-default elementor-section-height-default\" data-id=\"78f4e052\" data-element_type=\"section\" data-e-type=\"section\" data-settings=\"{&quot;background_background&quot;:&quot;classic&quot;}\">\n\t\t\t\t\t\t\t<div class=\"elementor-background-overlay\"><\/div>\n\t\t\t\t\t\t\t<div class=\"elementor-container elementor-column-gap-default\">\n\t\t\t\t\t<div class=\"elementor-column elementor-col-100 elementor-top-column elementor-element elementor-element-1c908e6e\" data-id=\"1c908e6e\" data-element_type=\"column\" data-e-type=\"column\">\n\t\t\t<div class=\"elementor-widget-wrap elementor-element-populated\">\n\t\t\t\t\t\t<section class=\"elementor-section elementor-inner-section elementor-element elementor-element-51dd93b0 elementor-section-full_width elementor-section-height-default elementor-section-height-default\" data-id=\"51dd93b0\" data-element_type=\"section\" data-e-type=\"section\">\n\t\t\t\t\t\t<div class=\"elementor-container elementor-column-gap-default\">\n\t\t\t\t\t<div class=\"elementor-column elementor-col-50 elementor-inner-column elementor-element elementor-element-61076167\" data-id=\"61076167\" data-element_type=\"column\" data-e-type=\"column\">\n\t\t\t<div class=\"elementor-widget-wrap elementor-element-populated\">\n\t\t\t\t\t\t<div class=\"elementor-element elementor-element-3886f58c elementor-widget elementor-widget-heading\" data-id=\"3886f58c\" data-element_type=\"widget\" data-e-type=\"widget\" data-settings=\"{&quot;motion_fx_motion_fx_scrolling&quot;:&quot;yes&quot;,&quot;motion_fx_translateY_effect&quot;:&quot;yes&quot;,&quot;motion_fx_translateY_speed&quot;:{&quot;unit&quot;:&quot;px&quot;,&quot;size&quot;:&quot;0.5&quot;,&quot;sizes&quot;:[]},&quot;motion_fx_translateY_affectedRange&quot;:{&quot;unit&quot;:&quot;%&quot;,&quot;size&quot;:&quot;&quot;,&quot;sizes&quot;:{&quot;start&quot;:&quot;0&quot;,&quot;end&quot;:&quot;50&quot;}},&quot;motion_fx_opacity_effect&quot;:&quot;yes&quot;,&quot;motion_fx_opacity_range&quot;:{&quot;unit&quot;:&quot;%&quot;,&quot;size&quot;:&quot;&quot;,&quot;sizes&quot;:{&quot;start&quot;:&quot;0&quot;,&quot;end&quot;:&quot;50&quot;}},&quot;motion_fx_opacity_direction&quot;:&quot;out-in&quot;,&quot;motion_fx_opacity_level&quot;:{&quot;unit&quot;:&quot;px&quot;,&quot;size&quot;:10,&quot;sizes&quot;:[]},&quot;motion_fx_devices&quot;:[&quot;desktop&quot;,&quot;tablet&quot;,&quot;mobile&quot;]}\" data-widget_type=\"heading.default\">\n\t\t\t\t<div class=\"elementor-widget-container\">\n\t\t\t\t\t<h2 class=\"elementor-heading-title elementor-size-default\">Destacados <\/h2>\t\t\t\t<\/div>\n\t\t\t\t<\/div>\n\t\t\t\t\t<\/div>\n\t\t<\/div>\n\t\t\t\t<div class=\"elementor-column elementor-col-50 elementor-inner-column elementor-element elementor-element-47d75961\" data-id=\"47d75961\" data-element_type=\"column\" data-e-type=\"column\">\n\t\t\t<div class=\"elementor-widget-wrap\">\n\t\t\t\t\t\t\t<\/div>\n\t\t<\/div>\n\t\t\t\t\t<\/div>\n\t\t<\/section>\n\t\t\t\t<section class=\"elementor-section elementor-inner-section elementor-element elementor-element-5213e9ba elementor-section-full_width elementor-section-height-default elementor-section-height-default\" data-id=\"5213e9ba\" data-element_type=\"section\" data-e-type=\"section\" data-settings=\"{&quot;motion_fx_motion_fx_scrolling&quot;:&quot;yes&quot;,&quot;motion_fx_translateY_effect&quot;:&quot;yes&quot;,&quot;motion_fx_translateY_speed&quot;:{&quot;unit&quot;:&quot;px&quot;,&quot;size&quot;:&quot;1&quot;,&quot;sizes&quot;:[]},&quot;motion_fx_translateY_affectedRange&quot;:{&quot;unit&quot;:&quot;%&quot;,&quot;size&quot;:&quot;&quot;,&quot;sizes&quot;:{&quot;start&quot;:&quot;0&quot;,&quot;end&quot;:&quot;50&quot;}},&quot;motion_fx_opacity_effect&quot;:&quot;yes&quot;,&quot;motion_fx_opacity_range&quot;:{&quot;unit&quot;:&quot;%&quot;,&quot;size&quot;:&quot;&quot;,&quot;sizes&quot;:{&quot;start&quot;:&quot;0&quot;,&quot;end&quot;:&quot;50&quot;}},&quot;motion_fx_devices&quot;:[&quot;desktop&quot;,&quot;tablet&quot;],&quot;motion_fx_opacity_direction&quot;:&quot;out-in&quot;,&quot;motion_fx_opacity_level&quot;:{&quot;unit&quot;:&quot;px&quot;,&quot;size&quot;:10,&quot;sizes&quot;:[]}}\">\n\t\t\t\t\t\t<div class=\"elementor-container elementor-column-gap-narrow\">\n\t\t\t\t\t<div class=\"elementor-column elementor-col-25 elementor-inner-column elementor-element elementor-element-72573171\" data-id=\"72573171\" data-element_type=\"column\" data-e-type=\"column\">\n\t\t\t<div class=\"elementor-widget-wrap elementor-element-populated\">\n\t\t\t\t\t\t<div class=\"elementor-element elementor-element-76201e60 elementor-cta--valign-top elementor-cta--layout-image-above elementor-cta--skin-classic elementor-bg-transform elementor-bg-transform-zoom-in elementor-widget elementor-widget-call-to-action\" data-id=\"76201e60\" data-element_type=\"widget\" data-e-type=\"widget\" data-widget_type=\"call-to-action.default\">\n\t\t\t\t<div class=\"elementor-widget-container\">\n\t\t\t\t\t\t\t<div class=\"elementor-cta\">\n\t\t\t\t\t<div class=\"elementor-cta__bg-wrapper\">\n\t\t\t\t<div class=\"elementor-cta__bg elementor-bg\" style=\"background-image: url(https:\/\/mld5ajx0udys.i.optimole.com\/cb:_1Uj.32318\/w:1024\/h:1024\/q:mauto\/g:sm\/f:best\/id:3d760e4313080c5fc4735f24f8a26720\/https:\/\/novvor.com\/es-cl\/pexels-cottonbro-5473302.jpg);\" role=\"img\" aria-label=\"pexels-cottonbro-5473302\"><\/div>\n\t\t\t\t<div class=\"elementor-cta__bg-overlay\"><\/div>\n\t\t\t<\/div>\n\t\t\t\t\t\t\t<div class=\"elementor-cta__content\">\n\t\t\t\t\n\t\t\t\t\t\t\t\t\t<h3 class=\"elementor-cta__title elementor-cta__content-item elementor-content-item\">\n\t\t\t\t\t\tCiberseguridad\t\t\t\t\t<\/h3>\n\t\t\t\t\n\t\t\t\t\t\t\t\t\t<div class=\"elementor-cta__description elementor-cta__content-item elementor-content-item\">\n\t\t\t\t\t\tActualice y proteja sus activos m\u00e1s importantes con nuestras soluciones. \t\t\t\t\t<\/div>\n\t\t\t\t\n\t\t\t\t\t\t\t\t\t<div class=\"elementor-cta__button-wrapper elementor-cta__content-item elementor-content-item \">\n\t\t\t\t\t<a class=\"elementor-cta__button elementor-button elementor-size-xs\" href=\"http:\/\/neuvor.com\/es-cl\/servicios\/ciberseguridad\/\">\n\t\t\t\t\t\tExplorar \t\t\t\t\t<\/a>\n\t\t\t\t\t<\/div>\n\t\t\t\t\t\t\t<\/div>\n\t\t\t\t\t\t<\/div>\n\t\t\t\t\t\t<\/div>\n\t\t\t\t<\/div>\n\t\t\t\t\t<\/div>\n\t\t<\/div>\n\t\t\t\t<div class=\"elementor-column elementor-col-25 elementor-inner-column elementor-element elementor-element-7bd70494\" data-id=\"7bd70494\" data-element_type=\"column\" data-e-type=\"column\">\n\t\t\t<div class=\"elementor-widget-wrap elementor-element-populated\">\n\t\t\t\t\t\t<div class=\"elementor-element elementor-element-430b6742 elementor-cta--valign-top elementor-cta--layout-image-above elementor-cta--skin-classic elementor-bg-transform elementor-bg-transform-zoom-in elementor-widget elementor-widget-call-to-action\" data-id=\"430b6742\" data-element_type=\"widget\" data-e-type=\"widget\" data-widget_type=\"call-to-action.default\">\n\t\t\t\t<div class=\"elementor-widget-container\">\n\t\t\t\t\t\t\t<div class=\"elementor-cta\">\n\t\t\t\t\t<div class=\"elementor-cta__bg-wrapper\">\n\t\t\t\t<div class=\"elementor-cta__bg elementor-bg\" style=\"background-image: url(https:\/\/mld5ajx0udys.i.optimole.com\/cb:_1Uj.32318\/w:auto\/h:auto\/q:mauto\/g:sm\/f:best\/id:e07d3a0cf7c5dbd110db39836188408f\/https:\/\/novvor.com\/es-cl\/pexels-fauxels-3184291_opt.jpg);\" role=\"img\" aria-label=\"pexels-fauxels-3184291_opt\"><\/div>\n\t\t\t\t<div class=\"elementor-cta__bg-overlay\"><\/div>\n\t\t\t<\/div>\n\t\t\t\t\t\t\t<div class=\"elementor-cta__content\">\n\t\t\t\t\n\t\t\t\t\t\t\t\t\t<h3 class=\"elementor-cta__title elementor-cta__content-item elementor-content-item\">\n\t\t\t\t\t\tConsultoria\t\t\t\t\t<\/h3>\n\t\t\t\t\n\t\t\t\t\t\t\t\t\t<div class=\"elementor-cta__description elementor-cta__content-item elementor-content-item\">\n\t\t\t\t\t\tDise\u00f1amos su transformaci\u00f3n empresarial para adaptarlas a las necesidades del futuro.\t\t\t\t\t<\/div>\n\t\t\t\t\n\t\t\t\t\t\t\t\t\t<div class=\"elementor-cta__button-wrapper elementor-cta__content-item elementor-content-item \">\n\t\t\t\t\t<a class=\"elementor-cta__button elementor-button elementor-size-xs\" href=\"http:\/\/neuvor.com\/es-cl\/servicios\/consultoria\/\">\n\t\t\t\t\t\tExplorar \t\t\t\t\t<\/a>\n\t\t\t\t\t<\/div>\n\t\t\t\t\t\t\t<\/div>\n\t\t\t\t\t\t<\/div>\n\t\t\t\t\t\t<\/div>\n\t\t\t\t<\/div>\n\t\t\t\t\t<\/div>\n\t\t<\/div>\n\t\t\t\t<div class=\"elementor-column elementor-col-25 elementor-inner-column elementor-element elementor-element-1d052b17\" data-id=\"1d052b17\" data-element_type=\"column\" data-e-type=\"column\">\n\t\t\t<div class=\"elementor-widget-wrap elementor-element-populated\">\n\t\t\t\t\t\t<div class=\"elementor-element elementor-element-37b91ee7 elementor-cta--valign-top elementor-cta--skin-classic elementor-bg-transform elementor-bg-transform-zoom-in elementor-widget elementor-widget-call-to-action\" data-id=\"37b91ee7\" data-element_type=\"widget\" data-e-type=\"widget\" data-widget_type=\"call-to-action.default\">\n\t\t\t\t<div class=\"elementor-widget-container\">\n\t\t\t\t\t\t\t<div class=\"elementor-cta\">\n\t\t\t\t\t<div class=\"elementor-cta__bg-wrapper\">\n\t\t\t\t<div class=\"elementor-cta__bg elementor-bg\" style=\"background-image: url(https:\/\/mld5ajx0udys.i.optimole.com\/cb:_1Uj.32318\/w:auto\/h:auto\/q:mauto\/g:sm\/f:best\/id:0e24a31e29c5efc81eb4540f2d7b9a59\/https:\/\/novvor.com\/es-cl\/pexels-christina-morillo-1181336.jpg);\" role=\"img\" aria-label=\"pexels-christina-morillo-1181336\"><\/div>\n\t\t\t\t<div class=\"elementor-cta__bg-overlay\"><\/div>\n\t\t\t<\/div>\n\t\t\t\t\t\t\t<div class=\"elementor-cta__content\">\n\t\t\t\t\n\t\t\t\t\t\t\t\t\t<h3 class=\"elementor-cta__title elementor-cta__content-item elementor-content-item\">\n\t\t\t\t\t\tServicios gestionados\t\t\t\t\t<\/h3>\n\t\t\t\t\n\t\t\t\t\t\t\t\t\t<div class=\"elementor-cta__description elementor-cta__content-item elementor-content-item\">\n\t\t\t\t\t\tExternalizaci\u00f3n del departamento TIC para las necesidades tecnol\u00f3gicas de su negocio.\t\t\t\t\t<\/div>\n\t\t\t\t\n\t\t\t\t\t\t\t\t\t<div class=\"elementor-cta__button-wrapper elementor-cta__content-item elementor-content-item \">\n\t\t\t\t\t<a class=\"elementor-cta__button elementor-button elementor-size-xs\" href=\"http:\/\/neuvor.com\/es-cl\/servicios\/servicios-gestionados-de-ti\/\">\n\t\t\t\t\t\tExplorar \t\t\t\t\t<\/a>\n\t\t\t\t\t<\/div>\n\t\t\t\t\t\t\t<\/div>\n\t\t\t\t\t\t<\/div>\n\t\t\t\t\t\t<\/div>\n\t\t\t\t<\/div>\n\t\t\t\t\t<\/div>\n\t\t<\/div>\n\t\t\t\t<div class=\"elementor-column elementor-col-25 elementor-inner-column elementor-element elementor-element-5e8d3bb5\" data-id=\"5e8d3bb5\" data-element_type=\"column\" data-e-type=\"column\">\n\t\t\t<div class=\"elementor-widget-wrap elementor-element-populated\">\n\t\t\t\t\t\t<div class=\"elementor-element elementor-element-c98b4f1 elementor-cta--valign-top elementor-cta--skin-classic elementor-bg-transform elementor-bg-transform-zoom-in elementor-widget elementor-widget-call-to-action\" data-id=\"c98b4f1\" data-element_type=\"widget\" data-e-type=\"widget\" data-widget_type=\"call-to-action.default\">\n\t\t\t\t<div class=\"elementor-widget-container\">\n\t\t\t\t\t\t\t<div class=\"elementor-cta\">\n\t\t\t\t\t<div class=\"elementor-cta__bg-wrapper\">\n\t\t\t\t<div class=\"elementor-cta__bg elementor-bg\" style=\"background-image: url(https:\/\/mld5ajx0udys.i.optimole.com\/cb:_1Uj.32318\/w:auto\/h:auto\/q:mauto\/g:sm\/f:best\/id:6c10f37a1f216817d904d2678ce91e36\/https:\/\/novvor.com\/es-cl\/pexels-photomix-company-106344.jpg);\" role=\"img\" aria-label=\"pexels-photomix-company-106344\"><\/div>\n\t\t\t\t<div class=\"elementor-cta__bg-overlay\"><\/div>\n\t\t\t<\/div>\n\t\t\t\t\t\t\t<div class=\"elementor-cta__content\">\n\t\t\t\t\n\t\t\t\t\t\t\t\t\t<h3 class=\"elementor-cta__title elementor-cta__content-item elementor-content-item\">\n\t\t\t\t\t\tSoftware empresarial\t\t\t\t\t<\/h3>\n\t\t\t\t\n\t\t\t\t\t\t\t\t\t<div class=\"elementor-cta__description elementor-cta__content-item elementor-content-item\">\n\t\t\t\t\t\tSoluciones tecnol\u00f3gicas avanzadas para realizar sus actividades profesionales y comerciales.\t\t\t\t\t<\/div>\n\t\t\t\t\n\t\t\t\t\t\t\t\t\t<div class=\"elementor-cta__button-wrapper elementor-cta__content-item elementor-content-item \">\n\t\t\t\t\t<a class=\"elementor-cta__button elementor-button elementor-size-xs\" href=\"http:\/\/neuvor.com\/es-cl\/servicios\/software-empresarial\/\">\n\t\t\t\t\t\tExplorar \t\t\t\t\t<\/a>\n\t\t\t\t\t<\/div>\n\t\t\t\t\t\t\t<\/div>\n\t\t\t\t\t\t<\/div>\n\t\t\t\t\t\t<\/div>\n\t\t\t\t<\/div>\n\t\t\t\t\t<\/div>\n\t\t<\/div>\n\t\t\t\t\t<\/div>\n\t\t<\/section>\n\t\t\t\t\t<\/div>\n\t\t<\/div>\n\t\t\t\t\t<\/div>\n\t\t<\/section>\n\t\t\t\t<\/div>\n\t\t","protected":false},"excerpt":{"rendered":"<p>Gracias Nuestro equipo de ventas le responder\u00e1 lo antes posible. Listo Destacados Ciberseguridad Actualice y proteja sus activos m\u00e1s importantes con nuestras soluciones. Explorar Consultoria Dise\u00f1amos su transformaci\u00f3n empresarial para adaptarlas a las necesidades del futuro. Explorar Servicios gestionados Externalizaci\u00f3n del departamento TIC para las necesidades tecnol\u00f3gicas de su negocio. Explorar Software empresarial Soluciones tecnol\u00f3gicas [&hellip;]<\/p>\n","protected":false},"author":3,"featured_media":0,"parent":0,"menu_order":0,"comment_status":"closed","ping_status":"closed","template":"elementor_header_footer","meta":{"footnotes":""},"class_list":["post-4410","page","type-page","status-publish","hentry"],"yoast_head":"<!-- This site is optimized with the Yoast SEO Premium plugin v26.1 (Yoast SEO v27.4) - https:\/\/yoast.com\/product\/yoast-seo-premium-wordpress\/ -->\n<title>Message - Novvor Chile<\/title>\n<meta name=\"robots\" content=\"noindex, follow\" \/>\n<meta property=\"og:locale\" content=\"es_ES\" \/>\n<meta property=\"og:type\" content=\"article\" \/>\n<meta property=\"og:title\" content=\"Message\" \/>\n<meta property=\"og:description\" content=\"Gracias Nuestro equipo de ventas le responder\u00e1 lo antes posible. Listo Destacados Ciberseguridad Actualice y proteja sus activos m\u00e1s importantes con nuestras soluciones. Explorar Consultoria Dise\u00f1amos su transformaci\u00f3n empresarial para adaptarlas a las necesidades del futuro. Explorar Servicios gestionados Externalizaci\u00f3n del departamento TIC para las necesidades tecnol\u00f3gicas de su negocio. Explorar Software empresarial Soluciones tecnol\u00f3gicas [&hellip;]\" \/>\n<meta property=\"og:url\" content=\"https:\/\/novvor.com\/es-cl\/message\/\" \/>\n<meta property=\"og:site_name\" content=\"Novvor Chile\" \/>\n<meta property=\"article:modified_time\" content=\"2023-01-23T01:36:24+00:00\" \/>\n<meta name=\"twitter:card\" content=\"summary_large_image\" \/>\n<meta name=\"twitter:label1\" content=\"Tiempo de lectura\" \/>\n\t<meta name=\"twitter:data1\" content=\"1 minuto\" \/>\n<script type=\"application\/ld+json\" class=\"yoast-schema-graph\">{\"@context\":\"https:\\\/\\\/schema.org\",\"@graph\":[{\"@type\":\"WebPage\",\"@id\":\"https:\\\/\\\/novvor.com\\\/es-cl\\\/message\\\/\",\"url\":\"https:\\\/\\\/novvor.com\\\/es-cl\\\/message\\\/\",\"name\":\"Message - Novvor Chile\",\"isPartOf\":{\"@id\":\"https:\\\/\\\/novvor.com\\\/es-cl\\\/#website\"},\"datePublished\":\"2021-05-19T15:19:39+00:00\",\"dateModified\":\"2023-01-23T01:36:24+00:00\",\"breadcrumb\":{\"@id\":\"https:\\\/\\\/novvor.com\\\/es-cl\\\/message\\\/#breadcrumb\"},\"inLanguage\":\"es\",\"potentialAction\":[{\"@type\":\"ReadAction\",\"target\":[\"https:\\\/\\\/novvor.com\\\/es-cl\\\/message\\\/\"]}]},{\"@type\":\"BreadcrumbList\",\"@id\":\"https:\\\/\\\/novvor.com\\\/es-cl\\\/message\\\/#breadcrumb\",\"itemListElement\":[{\"@type\":\"ListItem\",\"position\":1,\"name\":\"Inicio\",\"item\":\"https:\\\/\\\/novvor.com\\\/es-cl\\\/\"},{\"@type\":\"ListItem\",\"position\":2,\"name\":\"Message\"}]},{\"@type\":\"WebSite\",\"@id\":\"https:\\\/\\\/novvor.com\\\/es-cl\\\/#website\",\"url\":\"https:\\\/\\\/novvor.com\\\/es-cl\\\/\",\"name\":\"Novvor Chile\",\"description\":\"\",\"publisher\":{\"@id\":\"https:\\\/\\\/novvor.com\\\/es-cl\\\/#organization\"},\"potentialAction\":[{\"@type\":\"SearchAction\",\"target\":{\"@type\":\"EntryPoint\",\"urlTemplate\":\"https:\\\/\\\/novvor.com\\\/es-cl\\\/?s={search_term_string}\"},\"query-input\":{\"@type\":\"PropertyValueSpecification\",\"valueRequired\":true,\"valueName\":\"search_term_string\"}}],\"inLanguage\":\"es\"},{\"@type\":\"Organization\",\"@id\":\"https:\\\/\\\/novvor.com\\\/es-cl\\\/#organization\",\"name\":\"Neuvor Chile\",\"url\":\"https:\\\/\\\/novvor.com\\\/es-cl\\\/\",\"logo\":{\"@type\":\"ImageObject\",\"inLanguage\":\"es\",\"@id\":\"https:\\\/\\\/novvor.com\\\/es-cl\\\/#\\\/schema\\\/logo\\\/image\\\/\",\"url\":\"https:\\/\\/novvor.com\\/es-cl\\/wp-content\\/uploads\\/sites\\/2\\/2025\\/11\\/Logo-Novvor-plus.svg\",\"contentUrl\":\"https:\\/\\/novvor.com\\/es-cl\\/wp-content\\/uploads\\/sites\\/2\\/2025\\/11\\/Logo-Novvor-plus.svg\",\"width\":541,\"height\":79,\"caption\":\"Neuvor Chile\"},\"image\":{\"@id\":\"https:\\\/\\\/novvor.com\\\/es-cl\\\/#\\\/schema\\\/logo\\\/image\\\/\"}}]}<\/script>\n<!-- \/ Yoast SEO Premium plugin. -->","yoast_head_json":{"title":"Message - Novvor Chile","robots":{"index":"noindex","follow":"follow"},"og_locale":"es_ES","og_type":"article","og_title":"Message","og_description":"Gracias Nuestro equipo de ventas le responder\u00e1 lo antes posible. Listo Destacados Ciberseguridad Actualice y proteja sus activos m\u00e1s importantes con nuestras soluciones. Explorar Consultoria Dise\u00f1amos su transformaci\u00f3n empresarial para adaptarlas a las necesidades del futuro. Explorar Servicios gestionados Externalizaci\u00f3n del departamento TIC para las necesidades tecnol\u00f3gicas de su negocio. Explorar Software empresarial Soluciones tecnol\u00f3gicas [&hellip;]","og_url":"https:\/\/novvor.com\/es-cl\/message\/","og_site_name":"Novvor Chile","article_modified_time":"2023-01-23T01:36:24+00:00","twitter_card":"summary_large_image","twitter_misc":{"Tiempo de lectura":"1 minuto"},"schema":{"@context":"https:\/\/schema.org","@graph":[{"@type":"WebPage","@id":"https:\/\/novvor.com\/es-cl\/message\/","url":"https:\/\/novvor.com\/es-cl\/message\/","name":"Message - Novvor Chile","isPartOf":{"@id":"https:\/\/novvor.com\/es-cl\/#website"},"datePublished":"2021-05-19T15:19:39+00:00","dateModified":"2023-01-23T01:36:24+00:00","breadcrumb":{"@id":"https:\/\/novvor.com\/es-cl\/message\/#breadcrumb"},"inLanguage":"es","potentialAction":[{"@type":"ReadAction","target":["https:\/\/novvor.com\/es-cl\/message\/"]}]},{"@type":"BreadcrumbList","@id":"https:\/\/novvor.com\/es-cl\/message\/#breadcrumb","itemListElement":[{"@type":"ListItem","position":1,"name":"Inicio","item":"https:\/\/novvor.com\/es-cl\/"},{"@type":"ListItem","position":2,"name":"Message"}]},{"@type":"WebSite","@id":"https:\/\/novvor.com\/es-cl\/#website","url":"https:\/\/novvor.com\/es-cl\/","name":"Novvor Chile","description":"","publisher":{"@id":"https:\/\/novvor.com\/es-cl\/#organization"},"potentialAction":[{"@type":"SearchAction","target":{"@type":"EntryPoint","urlTemplate":"https:\/\/novvor.com\/es-cl\/?s={search_term_string}"},"query-input":{"@type":"PropertyValueSpecification","valueRequired":true,"valueName":"search_term_string"}}],"inLanguage":"es"},{"@type":"Organization","@id":"https:\/\/novvor.com\/es-cl\/#organization","name":"Neuvor Chile","url":"https:\/\/novvor.com\/es-cl\/","logo":{"@type":"ImageObject","inLanguage":"es","@id":"https:\/\/novvor.com\/es-cl\/#\/schema\/logo\/image\/","url":"https:\/\/mld5ajx0udys.i.optimole.com\/cb:_1Uj.32318\/w:auto\/h:auto\/q:mauto\/g:sm\/f:best\/ig:avif\/https:\/\/novvor.com\/es-cl\/wp-content\/uploads\/sites\/2\/2025\/11\/Logo-Novvor-plus.svg","contentUrl":"https:\/\/mld5ajx0udys.i.optimole.com\/cb:_1Uj.32318\/w:auto\/h:auto\/q:mauto\/g:sm\/f:best\/ig:avif\/https:\/\/novvor.com\/es-cl\/wp-content\/uploads\/sites\/2\/2025\/11\/Logo-Novvor-plus.svg","width":541,"height":79,"caption":"Neuvor Chile"},"image":{"@id":"https:\/\/novvor.com\/es-cl\/#\/schema\/logo\/image\/"}}]}},"_links":{"self":[{"href":"https:\/\/novvor.com\/es-cl\/wp-json\/wp\/v2\/pages\/4410","targetHints":{"allow":["GET"]}}],"collection":[{"href":"https:\/\/novvor.com\/es-cl\/wp-json\/wp\/v2\/pages"}],"about":[{"href":"https:\/\/novvor.com\/es-cl\/wp-json\/wp\/v2\/types\/page"}],"author":[{"embeddable":true,"href":"https:\/\/novvor.com\/es-cl\/wp-json\/wp\/v2\/users\/3"}],"replies":[{"embeddable":true,"href":"https:\/\/novvor.com\/es-cl\/wp-json\/wp\/v2\/comments?post=4410"}],"version-history":[{"count":1,"href":"https:\/\/novvor.com\/es-cl\/wp-json\/wp\/v2\/pages\/4410\/revisions"}],"predecessor-version":[{"id":8780,"href":"https:\/\/novvor.com\/es-cl\/wp-json\/wp\/v2\/pages\/4410\/revisions\/8780"}],"wp:attachment":[{"href":"https:\/\/novvor.com\/es-cl\/wp-json\/wp\/v2\/media?parent=4410"}],"curies":[{"name":"wp","href":"https:\/\/api.w.org\/{rel}","templated":true}]}}