{"id":11452,"date":"2025-01-02T21:44:35","date_gmt":"2025-01-03T00:44:35","guid":{"rendered":"https:\/\/novvor.com\/es-cl\/?page_id=11452"},"modified":"2025-12-02T19:51:00","modified_gmt":"2025-12-02T22:51:00","slug":"terminos-y-condiciones-de-los-servicios-de-google","status":"publish","type":"page","link":"https:\/\/novvor.com\/es-cl\/legal\/terminos-y-condiciones-de-los-servicios-de-google\/","title":{"rendered":"T\u00e9rminos y Condiciones de los Servicios de Google como Partner"},"content":{"rendered":"\t\t<div data-elementor-type=\"wp-page\" data-elementor-id=\"11452\" class=\"elementor elementor-11452\" data-elementor-post-type=\"page\">\n\t\t\t\t<div class=\"elementor-element elementor-element-1ff01675 e-flex e-con-boxed e-con e-parent\" data-id=\"1ff01675\" data-element_type=\"container\" data-e-type=\"container\">\n\t\t\t\t\t<div class=\"e-con-inner\">\n\t\t\t\t<div class=\"elementor-element elementor-element-49dd1f6 elementor-widget elementor-widget-breadcrumbs\" data-id=\"49dd1f6\" data-element_type=\"widget\" data-e-type=\"widget\" data-widget_type=\"breadcrumbs.default\">\n\t\t\t\t<div class=\"elementor-widget-container\">\n\t\t\t\t\t<p id=\"breadcrumbs\"><span><span><a href=\"https:\/\/novvor.com\/es-cl\/\">Inicio<\/a><\/span><\/span><\/p>\t\t\t\t<\/div>\n\t\t\t\t<\/div>\n\t\t\t\t<div class=\"elementor-element elementor-element-67cba861 elementor-widget elementor-widget-text-editor\" data-id=\"67cba861\" data-element_type=\"widget\" data-e-type=\"widget\" data-widget_type=\"text-editor.default\">\n\t\t\t\t<div class=\"elementor-widget-container\">\n\t\t\t\t\t\t\t\t\t<p>Esta Declaraci\u00f3n de privacidad entra en vigencia a partir de enero de 01\/01\/2021<\/p>\t\t\t\t\t\t\t\t<\/div>\n\t\t\t\t<\/div>\n\t\t\t\t<div class=\"elementor-element elementor-element-60e2168f elementor-widget elementor-widget-text-editor\" data-id=\"60e2168f\" data-element_type=\"widget\" data-e-type=\"widget\" data-widget_type=\"text-editor.default\">\n\t\t\t\t<div class=\"elementor-widget-container\">\n\t\t\t\t\t\t\t\t\t<p class=\"p1\"><b>1. Introducci\u00f3n<\/b><b><\/b><\/p>\n<p class=\"p3\">Estos T\u00e9rminos y Condiciones regulan la prestaci\u00f3n de servicios de Google como Partner (\u201clos Servicios\u201d) ofrecidos por Novvor (\u201cNosotros\u201d o \u201cla Empresa\u201d), con domicilio en Chile. Al contratar nuestros Servicios, el Cliente acepta cumplir con estos T\u00e9rminos.<\/p>\n<p class=\"p1\"><b>2. Modalidades de Contrataci\u00f3n y Pago<\/b><b><\/b><\/p>\n<p class=\"p3\">2.1. Los Servicios pueden contratarse bajo las siguientes modalidades:<\/p>\n<p class=\"p4\">\u2022<b>Contrato Anual:<\/b> El Cliente se compromete a un per\u00edodo m\u00ednimo de un (1) a\u00f1o de servicio. Este contrato puede ser pagado mensualmente.<\/p>\n<p class=\"p4\">\u2022<b>Contrato Mensual:<\/b> El Cliente paga una tarifa mensual sin compromiso de permanencia anual.<\/p>\n<p class=\"p3\">2.2. <b>Ajustes en Facturaci\u00f3n:<\/b><b><\/b><\/p>\n<p class=\"p4\">\u2022Los pagos mensuales en ambas modalidades est\u00e1n sujetos a variaciones seg\u00fan el \u00cdndice de Precios al Consumidor (IPC) y el tipo de cambio del d\u00f3lar al d\u00eda de la facturaci\u00f3n.<\/p>\n<p class=\"p4\">\u2022El Cliente ser\u00e1 notificado de estos ajustes en la factura correspondiente.<\/p>\n<p class=\"p1\"><b>3. Duraci\u00f3n del Contrato y Cancelaci\u00f3n<\/b><b><\/b><\/p>\n<p class=\"p3\">3.1. En la modalidad de <b>Contrato Anual<\/b>, el Cliente tiene siete (7) d\u00edas calendario a partir de la emisi\u00f3n de la primera factura para cancelar sin penalidades.<\/p>\n<p class=\"p3\">3.2. Pasado este per\u00edodo, la cancelaci\u00f3n solo ser\u00e1 posible pagando el monto restante correspondiente al per\u00edodo anual contratado.<\/p>\n<p class=\"p3\">3.3. En la modalidad de <b>Contrato Mensual<\/b>, el Cliente puede cancelar en cualquier momento notificando con al menos quince (15) d\u00edas de anticipaci\u00f3n al pr\u00f3ximo ciclo de facturaci\u00f3n.<\/p>\n<p class=\"p1\"><b>4. Soporte T\u00e9cnico<\/b><b><\/b><\/p>\n<p class=\"p3\">4.1. El soporte t\u00e9cnico no est\u00e1 incluido en los Servicios est\u00e1ndar.<\/p>\n<p class=\"p3\">4.2. Para acceder a soporte t\u00e9cnico, el Cliente deber\u00e1 contratar un servicio de soporte premium ofrecido por Novvor.<\/p>\n<p class=\"p3\">4.3. Novvor no se hace responsable de la resoluci\u00f3n de incidencias t\u00e9cnicas sin la contrataci\u00f3n del soporte premium.<\/p>\n<p class=\"p1\"><b>5. Facturaci\u00f3n y Pago<\/b><b><\/b><\/p>\n<p class=\"p3\">5.1. Las facturas ser\u00e1n emitidas de acuerdo con la modalidad de pago seleccionada, reflejando las variaciones de IPC y tipo de cambio del d\u00f3lar.<\/p>\n<p class=\"p3\">5.2. El Cliente deber\u00e1 pagar las facturas en las fechas especificadas. La falta de pago podr\u00e1 resultar en la suspensi\u00f3n o terminaci\u00f3n de los Servicios.<\/p>\n<p class=\"p1\"><b>6. Responsabilidad de Novvor<\/b><b><\/b><\/p>\n<p class=\"p3\">6.1. Novvor no ser\u00e1 responsable por fallas en los Servicios atribuibles a Google, interrupciones derivadas de fuerza mayor, o causas fuera de su control razonable.<\/p>\n<p class=\"p3\">6.2. Novvor se compromete a realizar esfuerzos razonables para garantizar la continuidad de los Servicios contratados.<\/p>\n<p class=\"p1\"><b>7. Obligaciones del Cliente<\/b><b><\/b><\/p>\n<p class=\"p3\">7.1. El Cliente es responsable de utilizar los Servicios de manera adecuada y conforme a los t\u00e9rminos establecidos por Google y Novvor.<\/p>\n<p class=\"p1\"><b>8. Modificaciones a los T\u00e9rminos y Condiciones<\/b><b><\/b><\/p>\n<p class=\"p3\">8.1. Novvor se reserva el derecho de modificar estos T\u00e9rminos y Condiciones en cualquier momento. Los cambios ser\u00e1n notificados al Cliente con al menos treinta (30) d\u00edas de antelaci\u00f3n.<\/p>\n<p class=\"p1\"><b>9. Ley Aplicable y Jurisdicci\u00f3n<\/b><b><\/b><\/p>\n<p class=\"p3\">9.1. Estos T\u00e9rminos y Condiciones se rigen por las leyes de Chile.<\/p>\n<p class=\"p3\">9.2. Cualquier disputa derivada de estos T\u00e9rminos ser\u00e1 resuelta en los tribunales competentes del territorio chileno.<\/p>\n<p><!-- \/wp:paragraph --><\/p>\n<p><!-- wp:paragraph --><\/p>\n<p><!-- \/wp:paragraph --><\/p>\t\t\t\t\t\t\t\t<\/div>\n\t\t\t\t<\/div>\n\t\t\t\t<div class=\"elementor-element elementor-element-9e9786b elementor-widget elementor-widget-text-editor\" data-id=\"9e9786b\" data-element_type=\"widget\" data-e-type=\"widget\" data-widget_type=\"text-editor.default\">\n\t\t\t\t<div class=\"elementor-widget-container\">\n\t\t\t\t\t\t\t\t\t<p class=\"p1\"><b>Aceptaci\u00f3n de T\u00e9rminos y Condiciones<\/b><b><\/b><\/p>\n<p class=\"p1\">El Cliente reconoce y acepta que al aprobar los valores propuestos por su especialista y autorizar los pagos correspondientes, se considera que ha le\u00eddo, comprendido y aceptado \u00edntegramente los T\u00e9rminos y Condiciones de los Servicios de Google ofrecidos por Novvor.<\/p>\n<p class=\"p1\">En caso de que el Cliente no reciba una copia de estos T\u00e9rminos, su aprobaci\u00f3n de los valores y autorizaci\u00f3n de los pagos ser\u00e1 suficiente para establecer su conformidad con los mismos.<\/p>\n<p class=\"p1\">Si el Cliente desea consultar los T\u00e9rminos y Condiciones completos, estos estar\u00e1n disponibles en la p\u00e1gina web de Novvor, donde se podr\u00e1n visualizar con la fecha de vigencia indicada en la parte superior de dichas condiciones.<\/p>\t\t\t\t\t\t\t\t<\/div>\n\t\t\t\t<\/div>\n\t\t\t\t\t<\/div>\n\t\t\t\t<\/div>\n\t\t\t\t<\/div>\n\t\t","protected":false},"excerpt":{"rendered":"<p>Esta Declaraci\u00f3n de privacidad entra en vigencia a partir de enero de 01\/01\/2021 1. Introducci\u00f3n Estos T\u00e9rminos y Condiciones regulan la prestaci\u00f3n de servicios de Google como Partner (\u201clos Servicios\u201d) ofrecidos por Novvor (\u201cNosotros\u201d o \u201cla Empresa\u201d), con domicilio en Chile. Al contratar nuestros Servicios, el Cliente acepta cumplir con estos T\u00e9rminos. 2. Modalidades de [&hellip;]<\/p>\n","protected":false},"author":3,"featured_media":0,"parent":11637,"menu_order":0,"comment_status":"closed","ping_status":"closed","template":"","meta":{"footnotes":""},"class_list":["post-11452","page","type-page","status-publish","hentry"],"yoast_head":"<!-- This site is optimized with the Yoast SEO Premium plugin v26.1 (Yoast SEO v27.4) - https:\/\/yoast.com\/product\/yoast-seo-premium-wordpress\/ -->\n<title>T\u00e9rminos y Condiciones de los Servicios de Google como Partner - Novvor Chile<\/title>\n<meta name=\"robots\" content=\"index, follow, max-snippet:-1, max-image-preview:large, max-video-preview:-1\" \/>\n<link rel=\"canonical\" href=\"https:\/\/novvor.com\/es-cl\/legal\/terminos-y-condiciones-de-los-servicios-de-google\/\" \/>\n<meta property=\"og:locale\" content=\"es_ES\" \/>\n<meta property=\"og:type\" content=\"article\" \/>\n<meta property=\"og:title\" content=\"T\u00e9rminos y Condiciones de los Servicios de Google como Partner\" \/>\n<meta property=\"og:description\" content=\"Esta Declaraci\u00f3n de privacidad entra en vigencia a partir de enero de 01\/01\/2021 1. Introducci\u00f3n Estos T\u00e9rminos y Condiciones regulan la prestaci\u00f3n de servicios de Google como Partner (\u201clos Servicios\u201d) ofrecidos por Novvor (\u201cNosotros\u201d o \u201cla Empresa\u201d), con domicilio en Chile. Al contratar nuestros Servicios, el Cliente acepta cumplir con estos T\u00e9rminos. 2. Modalidades de [&hellip;]\" \/>\n<meta property=\"og:url\" content=\"https:\/\/novvor.com\/es-cl\/legal\/terminos-y-condiciones-de-los-servicios-de-google\/\" \/>\n<meta property=\"og:site_name\" content=\"Novvor Chile\" \/>\n<meta property=\"article:modified_time\" content=\"2025-12-02T22:51:00+00:00\" \/>\n<meta name=\"twitter:card\" content=\"summary_large_image\" \/>\n<meta name=\"twitter:label1\" content=\"Tiempo de lectura\" \/>\n\t<meta name=\"twitter:data1\" content=\"3 minutos\" \/>\n<script type=\"application\/ld+json\" class=\"yoast-schema-graph\">{\"@context\":\"https:\\\/\\\/schema.org\",\"@graph\":[{\"@type\":\"WebPage\",\"@id\":\"https:\\\/\\\/novvor.com\\\/es-cl\\\/legal\\\/terminos-y-condiciones-de-los-servicios-de-google\\\/\",\"url\":\"https:\\\/\\\/novvor.com\\\/es-cl\\\/legal\\\/terminos-y-condiciones-de-los-servicios-de-google\\\/\",\"name\":\"T\u00e9rminos y Condiciones de los Servicios de Google como Partner - Novvor Chile\",\"isPartOf\":{\"@id\":\"https:\\\/\\\/novvor.com\\\/es-cl\\\/#website\"},\"datePublished\":\"2025-01-03T00:44:35+00:00\",\"dateModified\":\"2025-12-02T22:51:00+00:00\",\"breadcrumb\":{\"@id\":\"https:\\\/\\\/novvor.com\\\/es-cl\\\/legal\\\/terminos-y-condiciones-de-los-servicios-de-google\\\/#breadcrumb\"},\"inLanguage\":\"es\",\"potentialAction\":[{\"@type\":\"ReadAction\",\"target\":[\"https:\\\/\\\/novvor.com\\\/es-cl\\\/legal\\\/terminos-y-condiciones-de-los-servicios-de-google\\\/\"]}]},{\"@type\":\"BreadcrumbList\",\"@id\":\"https:\\\/\\\/novvor.com\\\/es-cl\\\/legal\\\/terminos-y-condiciones-de-los-servicios-de-google\\\/#breadcrumb\",\"itemListElement\":[{\"@type\":\"ListItem\",\"position\":1,\"name\":\"Inicio\",\"item\":\"https:\\\/\\\/novvor.com\\\/es-cl\\\/\"},{\"@type\":\"ListItem\",\"position\":2,\"name\":\"Legal\",\"item\":\"https:\\\/\\\/novvor.com\\\/es-cl\\\/legal\\\/\"},{\"@type\":\"ListItem\",\"position\":3,\"name\":\"T\u00e9rminos y Condiciones de los Servicios de Google como Partner\"}]},{\"@type\":\"WebSite\",\"@id\":\"https:\\\/\\\/novvor.com\\\/es-cl\\\/#website\",\"url\":\"https:\\\/\\\/novvor.com\\\/es-cl\\\/\",\"name\":\"Novvor Chile\",\"description\":\"\",\"publisher\":{\"@id\":\"https:\\\/\\\/novvor.com\\\/es-cl\\\/#organization\"},\"potentialAction\":[{\"@type\":\"SearchAction\",\"target\":{\"@type\":\"EntryPoint\",\"urlTemplate\":\"https:\\\/\\\/novvor.com\\\/es-cl\\\/?s={search_term_string}\"},\"query-input\":{\"@type\":\"PropertyValueSpecification\",\"valueRequired\":true,\"valueName\":\"search_term_string\"}}],\"inLanguage\":\"es\"},{\"@type\":\"Organization\",\"@id\":\"https:\\\/\\\/novvor.com\\\/es-cl\\\/#organization\",\"name\":\"Neuvor Chile\",\"url\":\"https:\\\/\\\/novvor.com\\\/es-cl\\\/\",\"logo\":{\"@type\":\"ImageObject\",\"inLanguage\":\"es\",\"@id\":\"https:\\\/\\\/novvor.com\\\/es-cl\\\/#\\\/schema\\\/logo\\\/image\\\/\",\"url\":\"https:\\/\\/novvor.com\\/es-cl\\/wp-content\\/uploads\\/sites\\/2\\/2025\\/11\\/Logo-Novvor-plus.svg\",\"contentUrl\":\"https:\\/\\/novvor.com\\/es-cl\\/wp-content\\/uploads\\/sites\\/2\\/2025\\/11\\/Logo-Novvor-plus.svg\",\"width\":541,\"height\":79,\"caption\":\"Neuvor Chile\"},\"image\":{\"@id\":\"https:\\\/\\\/novvor.com\\\/es-cl\\\/#\\\/schema\\\/logo\\\/image\\\/\"}}]}<\/script>\n<!-- \/ Yoast SEO Premium plugin. -->","yoast_head_json":{"title":"T\u00e9rminos y Condiciones de los Servicios de Google como Partner - Novvor Chile","robots":{"index":"index","follow":"follow","max-snippet":"max-snippet:-1","max-image-preview":"max-image-preview:large","max-video-preview":"max-video-preview:-1"},"canonical":"https:\/\/novvor.com\/es-cl\/legal\/terminos-y-condiciones-de-los-servicios-de-google\/","og_locale":"es_ES","og_type":"article","og_title":"T\u00e9rminos y Condiciones de los Servicios de Google como Partner","og_description":"Esta Declaraci\u00f3n de privacidad entra en vigencia a partir de enero de 01\/01\/2021 1. Introducci\u00f3n Estos T\u00e9rminos y Condiciones regulan la prestaci\u00f3n de servicios de Google como Partner (\u201clos Servicios\u201d) ofrecidos por Novvor (\u201cNosotros\u201d o \u201cla Empresa\u201d), con domicilio en Chile. Al contratar nuestros Servicios, el Cliente acepta cumplir con estos T\u00e9rminos. 2. Modalidades de [&hellip;]","og_url":"https:\/\/novvor.com\/es-cl\/legal\/terminos-y-condiciones-de-los-servicios-de-google\/","og_site_name":"Novvor Chile","article_modified_time":"2025-12-02T22:51:00+00:00","twitter_card":"summary_large_image","twitter_misc":{"Tiempo de lectura":"3 minutos"},"schema":{"@context":"https:\/\/schema.org","@graph":[{"@type":"WebPage","@id":"https:\/\/novvor.com\/es-cl\/legal\/terminos-y-condiciones-de-los-servicios-de-google\/","url":"https:\/\/novvor.com\/es-cl\/legal\/terminos-y-condiciones-de-los-servicios-de-google\/","name":"T\u00e9rminos y Condiciones de los Servicios de Google como Partner - Novvor Chile","isPartOf":{"@id":"https:\/\/novvor.com\/es-cl\/#website"},"datePublished":"2025-01-03T00:44:35+00:00","dateModified":"2025-12-02T22:51:00+00:00","breadcrumb":{"@id":"https:\/\/novvor.com\/es-cl\/legal\/terminos-y-condiciones-de-los-servicios-de-google\/#breadcrumb"},"inLanguage":"es","potentialAction":[{"@type":"ReadAction","target":["https:\/\/novvor.com\/es-cl\/legal\/terminos-y-condiciones-de-los-servicios-de-google\/"]}]},{"@type":"BreadcrumbList","@id":"https:\/\/novvor.com\/es-cl\/legal\/terminos-y-condiciones-de-los-servicios-de-google\/#breadcrumb","itemListElement":[{"@type":"ListItem","position":1,"name":"Inicio","item":"https:\/\/novvor.com\/es-cl\/"},{"@type":"ListItem","position":2,"name":"Legal","item":"https:\/\/novvor.com\/es-cl\/legal\/"},{"@type":"ListItem","position":3,"name":"T\u00e9rminos y Condiciones de los Servicios de Google como Partner"}]},{"@type":"WebSite","@id":"https:\/\/novvor.com\/es-cl\/#website","url":"https:\/\/novvor.com\/es-cl\/","name":"Novvor Chile","description":"","publisher":{"@id":"https:\/\/novvor.com\/es-cl\/#organization"},"potentialAction":[{"@type":"SearchAction","target":{"@type":"EntryPoint","urlTemplate":"https:\/\/novvor.com\/es-cl\/?s={search_term_string}"},"query-input":{"@type":"PropertyValueSpecification","valueRequired":true,"valueName":"search_term_string"}}],"inLanguage":"es"},{"@type":"Organization","@id":"https:\/\/novvor.com\/es-cl\/#organization","name":"Neuvor Chile","url":"https:\/\/novvor.com\/es-cl\/","logo":{"@type":"ImageObject","inLanguage":"es","@id":"https:\/\/novvor.com\/es-cl\/#\/schema\/logo\/image\/","url":"https:\/\/mld5ajx0udys.i.optimole.com\/cb:_1Uj.32318\/w:auto\/h:auto\/q:mauto\/g:sm\/f:best\/ig:avif\/https:\/\/novvor.com\/es-cl\/wp-content\/uploads\/sites\/2\/2025\/11\/Logo-Novvor-plus.svg","contentUrl":"https:\/\/mld5ajx0udys.i.optimole.com\/cb:_1Uj.32318\/w:auto\/h:auto\/q:mauto\/g:sm\/f:best\/ig:avif\/https:\/\/novvor.com\/es-cl\/wp-content\/uploads\/sites\/2\/2025\/11\/Logo-Novvor-plus.svg","width":541,"height":79,"caption":"Neuvor Chile"},"image":{"@id":"https:\/\/novvor.com\/es-cl\/#\/schema\/logo\/image\/"}}]}},"_links":{"self":[{"href":"https:\/\/novvor.com\/es-cl\/wp-json\/wp\/v2\/pages\/11452","targetHints":{"allow":["GET"]}}],"collection":[{"href":"https:\/\/novvor.com\/es-cl\/wp-json\/wp\/v2\/pages"}],"about":[{"href":"https:\/\/novvor.com\/es-cl\/wp-json\/wp\/v2\/types\/page"}],"author":[{"embeddable":true,"href":"https:\/\/novvor.com\/es-cl\/wp-json\/wp\/v2\/users\/3"}],"replies":[{"embeddable":true,"href":"https:\/\/novvor.com\/es-cl\/wp-json\/wp\/v2\/comments?post=11452"}],"version-history":[{"count":19,"href":"https:\/\/novvor.com\/es-cl\/wp-json\/wp\/v2\/pages\/11452\/revisions"}],"predecessor-version":[{"id":11980,"href":"https:\/\/novvor.com\/es-cl\/wp-json\/wp\/v2\/pages\/11452\/revisions\/11980"}],"up":[{"embeddable":true,"href":"https:\/\/novvor.com\/es-cl\/wp-json\/wp\/v2\/pages\/11637"}],"wp:attachment":[{"href":"https:\/\/novvor.com\/es-cl\/wp-json\/wp\/v2\/media?parent=11452"}],"curies":[{"name":"wp","href":"https:\/\/api.w.org\/{rel}","templated":true}]}}