{"id":3379,"date":"2021-03-02T15:40:28","date_gmt":"2021-03-02T18:40:28","guid":{"rendered":"https:\/\/novvor.com\/en-us\/?page_id=3379"},"modified":"2025-02-24T16:53:35","modified_gmt":"2025-02-24T19:53:35","slug":"suggestions-box","status":"publish","type":"page","link":"https:\/\/novvor.com\/en-us\/suggestions-box\/","title":{"rendered":"Suggestions box"},"content":{"rendered":"\t\t<div data-elementor-type=\"wp-page\" data-elementor-id=\"3379\" class=\"elementor elementor-3379\" data-elementor-post-type=\"page\">\n\t\t\t\t\t\t<header class=\"elementor-section elementor-top-section elementor-element elementor-element-7228d16 elementor-section-content-middle elementor-section-boxed elementor-section-height-default elementor-section-height-default\" data-id=\"7228d16\" data-element_type=\"section\" data-e-type=\"section\">\n\t\t\t\t\t\t<div class=\"elementor-container elementor-column-gap-default\">\n\t\t\t\t\t<div class=\"elementor-column elementor-col-100 elementor-top-column elementor-element elementor-element-164457b1\" data-id=\"164457b1\" data-element_type=\"column\" data-e-type=\"column\">\n\t\t\t<div class=\"elementor-widget-wrap elementor-element-populated\">\n\t\t\t\t\t\t\t<\/div>\n\t\t<\/div>\n\t\t\t\t\t<\/div>\n\t\t<\/header>\n\t\t\t\t<section class=\"elementor-section elementor-top-section elementor-element elementor-element-555f4841 elementor-section-full_width elementor-section-height-default elementor-section-height-default\" data-id=\"555f4841\" data-element_type=\"section\" data-e-type=\"section\" data-settings=\"{&quot;background_background&quot;:&quot;classic&quot;,&quot;sticky&quot;:&quot;top&quot;,&quot;sticky_on&quot;:[&quot;desktop&quot;],&quot;sticky_offset&quot;:0,&quot;sticky_effects_offset&quot;:0,&quot;sticky_anchor_link_offset&quot;:0}\">\n\t\t\t\t\t\t<div class=\"elementor-container elementor-column-gap-no\">\n\t\t\t\t\t<div class=\"elementor-column elementor-col-100 elementor-top-column elementor-element elementor-element-25532edb\" data-id=\"25532edb\" data-element_type=\"column\" data-e-type=\"column\">\n\t\t\t<div class=\"elementor-widget-wrap elementor-element-populated\">\n\t\t\t\t\t\t<section class=\"elementor-section elementor-inner-section elementor-element elementor-element-210b38d0 elementor-section-boxed elementor-section-height-default elementor-section-height-default\" data-id=\"210b38d0\" data-element_type=\"section\" data-e-type=\"section\">\n\t\t\t\t\t\t<div class=\"elementor-container elementor-column-gap-no\">\n\t\t\t\t\t<div class=\"elementor-column elementor-col-100 elementor-inner-column elementor-element elementor-element-3d3575af\" data-id=\"3d3575af\" data-element_type=\"column\" data-e-type=\"column\">\n\t\t\t<div class=\"elementor-widget-wrap elementor-element-populated\">\n\t\t\t\t\t\t<div class=\"elementor-element elementor-element-4e88527e elementor-nav-menu__align-justify elementor-nav-menu--dropdown-tablet elementor-nav-menu__text-align-aside elementor-nav-menu--toggle elementor-nav-menu--burger elementor-widget elementor-widget-nav-menu\" data-id=\"4e88527e\" data-element_type=\"widget\" data-e-type=\"widget\" data-settings=\"{&quot;layout&quot;:&quot;horizontal&quot;,&quot;submenu_icon&quot;:{&quot;value&quot;:&quot;&lt;i class=\\&quot;fas fa-caret-down\\&quot; aria-hidden=\\&quot;true\\&quot;&gt;&lt;\\\/i&gt;&quot;,&quot;library&quot;:&quot;fa-solid&quot;},&quot;toggle&quot;:&quot;burger&quot;}\" data-widget_type=\"nav-menu.default\">\n\t\t\t\t<div class=\"elementor-widget-container\">\n\t\t\t\t\t\t\t\t<nav aria-label=\"Menu\" class=\"elementor-nav-menu--main elementor-nav-menu__container elementor-nav-menu--layout-horizontal e--pointer-underline e--animation-fade\">\n\t\t\t\t<ul id=\"menu-1-4e88527e\" class=\"elementor-nav-menu\"><li class=\"menu-item menu-item-type-post_type menu-item-object-page menu-item-3395\"><a href=\"https:\/\/novvor.com\/en-us\/institutional-policies\/\" class=\"elementor-item\">Institutional policies<\/a><\/li>\n<li class=\"menu-item menu-item-type-post_type menu-item-object-page menu-item-3394\"><a href=\"https:\/\/novvor.com\/en-us\/integrity-and-transparency\/\" class=\"elementor-item\">Integrity and transparency<\/a><\/li>\n<li class=\"menu-item menu-item-type-post_type menu-item-object-page menu-item-3387\"><a href=\"https:\/\/novvor.com\/en-us\/suggestions-box\/\" class=\"elementor-item\">Suggestions box<\/a><\/li>\n<li class=\"menu-item menu-item-type-post_type menu-item-object-page menu-item-3396\"><a href=\"https:\/\/novvor.com\/en-us\/complaints-and-claims\/\" class=\"elementor-item\">Complaints and claims<\/a><\/li>\n<\/ul>\t\t\t<\/nav>\n\t\t\t\t\t<div class=\"elementor-menu-toggle\" role=\"button\" tabindex=\"0\" aria-label=\"Menu Toggle\" aria-expanded=\"false\">\n\t\t\t<i aria-hidden=\"true\" role=\"presentation\" class=\"elementor-menu-toggle__icon--open eicon-menu-bar\"><\/i><i aria-hidden=\"true\" role=\"presentation\" class=\"elementor-menu-toggle__icon--close eicon-close\"><\/i>\t\t<\/div>\n\t\t\t\t\t<nav class=\"elementor-nav-menu--dropdown elementor-nav-menu__container\" aria-hidden=\"true\">\n\t\t\t\t<ul id=\"menu-2-4e88527e\" class=\"elementor-nav-menu\"><li class=\"menu-item menu-item-type-post_type menu-item-object-page menu-item-3395\"><a href=\"https:\/\/novvor.com\/en-us\/institutional-policies\/\" class=\"elementor-item\" tabindex=\"-1\">Institutional policies<\/a><\/li>\n<li class=\"menu-item menu-item-type-post_type menu-item-object-page menu-item-3394\"><a href=\"https:\/\/novvor.com\/en-us\/integrity-and-transparency\/\" class=\"elementor-item\" tabindex=\"-1\">Integrity and transparency<\/a><\/li>\n<li class=\"menu-item menu-item-type-post_type menu-item-object-page menu-item-3387\"><a href=\"https:\/\/novvor.com\/en-us\/suggestions-box\/\" class=\"elementor-item\" tabindex=\"-1\">Suggestions box<\/a><\/li>\n<li class=\"menu-item menu-item-type-post_type menu-item-object-page menu-item-3396\"><a href=\"https:\/\/novvor.com\/en-us\/complaints-and-claims\/\" class=\"elementor-item\" tabindex=\"-1\">Complaints and claims<\/a><\/li>\n<\/ul>\t\t\t<\/nav>\n\t\t\t\t\t\t<\/div>\n\t\t\t\t<\/div>\n\t\t\t\t\t<\/div>\n\t\t<\/div>\n\t\t\t\t\t<\/div>\n\t\t<\/section>\n\t\t\t\t\t<\/div>\n\t\t<\/div>\n\t\t\t\t\t<\/div>\n\t\t<\/section>\n\t\t\t\t<section class=\"elementor-section elementor-top-section elementor-element elementor-element-30e4c6 elementor-section-boxed elementor-section-height-default elementor-section-height-default\" data-id=\"30e4c6\" data-element_type=\"section\" data-e-type=\"section\">\n\t\t\t\t\t\t<div class=\"elementor-container elementor-column-gap-wider\">\n\t\t\t\t\t<div class=\"elementor-column elementor-col-66 elementor-top-column elementor-element elementor-element-7e3e5db\" data-id=\"7e3e5db\" data-element_type=\"column\" data-e-type=\"column\">\n\t\t\t<div class=\"elementor-widget-wrap elementor-element-populated\">\n\t\t\t\t\t\t<div class=\"elementor-element elementor-element-4b73bd91 elementor-widget elementor-widget-heading\" data-id=\"4b73bd91\" data-element_type=\"widget\" data-e-type=\"widget\" data-widget_type=\"heading.default\">\n\t\t\t\t<div class=\"elementor-widget-container\">\n\t\t\t\t\t<h3 class=\"elementor-heading-title elementor-size-default\">Escr\u00edbenos.\nQueremos ser mejores<\/h3>\t\t\t\t<\/div>\n\t\t\t\t<\/div>\n\t\t\t\t<div class=\"elementor-element elementor-element-3ff4b791 elementor-widget elementor-widget-text-editor\" data-id=\"3ff4b791\" data-element_type=\"widget\" data-e-type=\"widget\" data-widget_type=\"text-editor.default\">\n\t\t\t\t<div class=\"elementor-widget-container\">\n\t\t\t\t\t\t\t\t\t<p>A trav\u00e9s de nuestro Buz\u00f3n de Sugerencias estamos atentos a sus propuestas e ideas para la mejora continua de nuestros procesos internos, tanto t\u00e9cnicos como administrativos.<\/p>\t\t\t\t\t\t\t\t<\/div>\n\t\t\t\t<\/div>\n\t\t\t\t\t<\/div>\n\t\t<\/div>\n\t\t\t\t<div class=\"elementor-column elementor-col-33 elementor-top-column elementor-element elementor-element-5a6b1750\" data-id=\"5a6b1750\" data-element_type=\"column\" data-e-type=\"column\" data-settings=\"{&quot;background_background&quot;:&quot;classic&quot;}\">\n\t\t\t<div class=\"elementor-widget-wrap elementor-element-populated\">\n\t\t\t\t\t\t<div class=\"elementor-element elementor-element-54117553 elementor-button-align-end elementor-widget elementor-widget-form\" data-id=\"54117553\" data-element_type=\"widget\" data-e-type=\"widget\" data-settings=\"{&quot;step_next_label&quot;:&quot;Next&quot;,&quot;step_previous_label&quot;:&quot;Previous&quot;,&quot;step_type&quot;:&quot;number_text&quot;,&quot;step_icon_shape&quot;:&quot;circle&quot;}\" data-widget_type=\"form.default\">\n\t\t\t\t<div class=\"elementor-widget-container\">\n\t\t\t\t\t\t\t<form class=\"elementor-form\" method=\"post\" name=\"Sugerencias \" aria-label=\"Sugerencias \">\n\t\t\t<input type=\"hidden\" name=\"post_id\" value=\"3379\"\/>\n\t\t\t<input type=\"hidden\" name=\"form_id\" value=\"54117553\"\/>\n\t\t\t<input type=\"hidden\" name=\"referer_title\" value=\"Suggestions box - Novvor USA\" \/>\n\n\t\t\t\t\t\t\t<input type=\"hidden\" name=\"queried_id\" value=\"3379\"\/>\n\t\t\t\n\t\t\t<div class=\"elementor-form-fields-wrapper elementor-labels-\">\n\t\t\t\t\t\t\t\t<div class=\"elementor-field-type-text elementor-field-group elementor-column elementor-field-group-qi8lqp1 elementor-col-100 elementor-field-required\">\n\t\t\t\t\t\t\t\t\t\t\t\t<label for=\"form-field-qi8lqp1\" class=\"elementor-field-label elementor-screen-only\">\n\t\t\t\t\t\t\t\tNombre completo \t\t\t\t\t\t\t<\/label>\n\t\t\t\t\t\t\t\t\t\t\t\t\t\t<input size=\"1\" type=\"text\" name=\"form_fields[qi8lqp1]\" id=\"form-field-qi8lqp1\" class=\"elementor-field elementor-size-md  elementor-field-textual\" placeholder=\"Nombre completo\" required=\"required\">\n\t\t\t\t\t\t\t\t\t\t\t<\/div>\n\t\t\t\t\t\t\t\t<div class=\"elementor-field-type-text elementor-field-group elementor-column elementor-field-group-1a9eaa6 elementor-col-100 elementor-field-required\">\n\t\t\t\t\t\t\t\t\t\t\t\t<label for=\"form-field-1a9eaa6\" class=\"elementor-field-label elementor-screen-only\">\n\t\t\t\t\t\t\t\tEmpresa\t\t\t\t\t\t\t<\/label>\n\t\t\t\t\t\t\t\t\t\t\t\t\t\t<input size=\"1\" type=\"text\" name=\"form_fields[1a9eaa6]\" id=\"form-field-1a9eaa6\" class=\"elementor-field elementor-size-md  elementor-field-textual\" placeholder=\"Empresa u organizaci\u00f3n \" required=\"required\">\n\t\t\t\t\t\t\t\t\t\t\t<\/div>\n\t\t\t\t\t\t\t\t<div class=\"elementor-field-type-email elementor-field-group elementor-column elementor-field-group-82a54ec elementor-col-100 elementor-field-required\">\n\t\t\t\t\t\t\t\t\t\t\t\t<label for=\"form-field-82a54ec\" class=\"elementor-field-label elementor-screen-only\">\n\t\t\t\t\t\t\t\tCorreo electr\u00f3nico \t\t\t\t\t\t\t<\/label>\n\t\t\t\t\t\t\t\t\t\t\t\t\t\t<input size=\"1\" type=\"email\" name=\"form_fields[82a54ec]\" id=\"form-field-82a54ec\" class=\"elementor-field elementor-size-md  elementor-field-textual\" placeholder=\"Correo electr\u00f3nico \" required=\"required\">\n\t\t\t\t\t\t\t\t\t\t\t<\/div>\n\t\t\t\t\t\t\t\t<div class=\"elementor-field-type-tel elementor-field-group elementor-column elementor-field-group-73014bd elementor-col-100 elementor-field-required\">\n\t\t\t\t\t\t\t\t\t\t\t\t<label for=\"form-field-73014bd\" class=\"elementor-field-label elementor-screen-only\">\n\t\t\t\t\t\t\t\tTel\u00e9fono\t\t\t\t\t\t\t<\/label>\n\t\t\t\t\t\t\t\t<input size=\"1\" type=\"tel\" name=\"form_fields[73014bd]\" id=\"form-field-73014bd\" class=\"elementor-field elementor-size-md  elementor-field-textual\" placeholder=\"Tel\u00e9fono\" required=\"required\" pattern=\"[0-9()#&amp;+*-=.]+\" title=\"Only numbers and phone characters (#, -, *, etc) are accepted.\">\n\n\t\t\t\t\t\t<\/div>\n\t\t\t\t\t\t\t\t<div class=\"elementor-field-type-textarea elementor-field-group elementor-column elementor-field-group-1qsba9v elementor-col-100 elementor-field-required\">\n\t\t\t\t\t\t\t\t\t\t\t\t<label for=\"form-field-1qsba9v\" class=\"elementor-field-label elementor-screen-only\">\n\t\t\t\t\t\t\t\tMensaje\t\t\t\t\t\t\t<\/label>\n\t\t\t\t\t\t<textarea class=\"elementor-field-textual elementor-field  elementor-size-md\" name=\"form_fields[1qsba9v]\" id=\"form-field-1qsba9v\" rows=\"6\" placeholder=\"Mensaje\" required=\"required\"><\/textarea>\t\t\t\t<\/div>\n\t\t\t\t\t\t\t\t<div class=\"elementor-field-type-recaptcha_v3 elementor-field-group elementor-column elementor-field-group-field_1 elementor-col-100 recaptcha_v3-bottomright\">\n\t\t\t\t\t<div class=\"elementor-field\" id=\"form-field-field_1\"><div class=\"elementor-g-recaptcha\" data-sitekey=\"6LfbI8EZAAAAAMEzmjEMMpXMnLkcCexzggU4B8QB\" data-type=\"v3\" data-action=\"Form\" data-badge=\"bottomright\" data-size=\"invisible\"><\/div><\/div>\t\t\t\t<\/div>\n\t\t\t\t\t\t\t\t<div class=\"elementor-field-group elementor-column elementor-field-type-submit elementor-col-100 e-form__buttons\">\n\t\t\t\t\t<button class=\"elementor-button elementor-size-md\" type=\"submit\">\n\t\t\t\t\t\t<span class=\"elementor-button-content-wrapper\">\n\t\t\t\t\t\t\t\t\t\t\t\t\t\t\t<span class=\"elementor-button-icon\">\n\t\t\t\t\t\t\t\t\t<i aria-hidden=\"true\" class=\"fas fa-angle-right\"><\/i>\t\t\t\t\t\t\t\t\t\t\t\t\t\t\t\t\t<\/span>\n\t\t\t\t\t\t\t\t\t\t\t\t\t\t\t\t\t\t\t\t\t\t<span class=\"elementor-button-text\">Enviar mi sugerencia <\/span>\n\t\t\t\t\t\t\t\t\t\t\t\t\t<\/span>\n\t\t\t\t\t<\/button>\n\t\t\t\t<\/div>\n\t\t\t<\/div>\n\t\t<\/form>\n\t\t\t\t\t\t<\/div>\n\t\t\t\t<\/div>\n\t\t\t\t<div class=\"elementor-element elementor-element-758a6ef elementor-position-inline-start elementor-view-default elementor-mobile-position-block-start elementor-widget elementor-widget-icon-box\" data-id=\"758a6ef\" data-element_type=\"widget\" data-e-type=\"widget\" data-widget_type=\"icon-box.default\">\n\t\t\t\t<div class=\"elementor-widget-container\">\n\t\t\t\t\t\t\t<div class=\"elementor-icon-box-wrapper\">\n\n\t\t\t\t\t\t<div class=\"elementor-icon-box-icon\">\n\t\t\t\t<a href=\"http:\/\/neuvor.com\/en-us\/privacy-policy\/\" class=\"elementor-icon\" tabindex=\"-1\" aria-label=\"Pol\u00edtica de privacidad\">\n\t\t\t\t\t\t\t\t<\/a>\n\t\t\t<\/div>\n\t\t\t\n\t\t\t\t\t\t<div class=\"elementor-icon-box-content\">\n\n\t\t\t\t\t\t\t\t\t<span class=\"elementor-icon-box-title\">\n\t\t\t\t\t\t<a href=\"http:\/\/neuvor.com\/en-us\/privacy-policy\/\" >\n\t\t\t\t\t\t\tPol\u00edtica de privacidad\t\t\t\t\t\t<\/a>\n\t\t\t\t\t<\/span>\n\t\t\t\t\n\t\t\t\t\t\t\t\t\t<p class=\"elementor-icon-box-description\">\n\t\t\t\t\t\tTrataremos cualquier informaci\u00f3n que usted nos env\u00ede como confidencial.\t\t\t\t\t<\/p>\n\t\t\t\t\n\t\t\t<\/div>\n\t\t\t\n\t\t<\/div>\n\t\t\t\t\t\t<\/div>\n\t\t\t\t<\/div>\n\t\t\t\t<div class=\"elementor-element elementor-element-7e3e6079 elementor-widget elementor-widget-gallery\" data-id=\"7e3e6079\" data-element_type=\"widget\" data-e-type=\"widget\" data-settings=\"{&quot;columns&quot;:3,&quot;lazyload&quot;:&quot;yes&quot;,&quot;gallery_layout&quot;:&quot;grid&quot;,&quot;columns_tablet&quot;:2,&quot;columns_mobile&quot;:1,&quot;gap&quot;:{&quot;unit&quot;:&quot;px&quot;,&quot;size&quot;:10,&quot;sizes&quot;:[]},&quot;gap_tablet&quot;:{&quot;unit&quot;:&quot;px&quot;,&quot;size&quot;:10,&quot;sizes&quot;:[]},&quot;gap_mobile&quot;:{&quot;unit&quot;:&quot;px&quot;,&quot;size&quot;:10,&quot;sizes&quot;:[]},&quot;aspect_ratio&quot;:&quot;3:2&quot;,&quot;overlay_background&quot;:&quot;yes&quot;,&quot;content_hover_animation&quot;:&quot;fade-in&quot;}\" data-widget_type=\"gallery.default\">\n\t\t\t\t<div class=\"elementor-widget-container\">\n\t\t\t\t\t\t\t<div class=\"elementor-gallery__container\">\n\t\t\t\t\t<\/div>\n\t\t\t\t\t<\/div>\n\t\t\t\t<\/div>\n\t\t\t\t\t<\/div>\n\t\t<\/div>\n\t\t\t\t\t<\/div>\n\t\t<\/section>\n\t\t\t\t<\/div>\n\t\t","protected":false},"excerpt":{"rendered":"<p>Escr\u00edbenos. Queremos ser mejores A trav\u00e9s de nuestro Buz\u00f3n de Sugerencias estamos atentos a sus propuestas e ideas para la mejora continua de nuestros procesos internos, tanto t\u00e9cnicos como administrativos. Pol\u00edtica de privacidad Trataremos cualquier informaci\u00f3n que usted nos env\u00ede como confidencial.<\/p>\n","protected":false},"author":3,"featured_media":0,"parent":0,"menu_order":0,"comment_status":"closed","ping_status":"closed","template":"elementor_header_footer","meta":{"footnotes":""},"class_list":["post-3379","page","type-page","status-publish","hentry"],"yoast_head":"<!-- This site is optimized with the Yoast SEO Premium plugin v26.1 (Yoast SEO v27.4) - https:\/\/yoast.com\/product\/yoast-seo-premium-wordpress\/ -->\n<title>Suggestions box - Novvor USA<\/title>\n<meta name=\"robots\" content=\"index, follow, max-snippet:-1, max-image-preview:large, max-video-preview:-1\" \/>\n<link rel=\"canonical\" href=\"https:\/\/novvor.com\/en-us\/suggestions-box\/\" \/>\n<meta property=\"og:locale\" content=\"en_US\" \/>\n<meta property=\"og:type\" content=\"article\" \/>\n<meta property=\"og:title\" content=\"Suggestions box\" \/>\n<meta property=\"og:description\" content=\"Escr\u00edbenos. Queremos ser mejores A trav\u00e9s de nuestro Buz\u00f3n de Sugerencias estamos atentos a sus propuestas e ideas para la mejora continua de nuestros procesos internos, tanto t\u00e9cnicos como administrativos. Pol\u00edtica de privacidad Trataremos cualquier informaci\u00f3n que usted nos env\u00ede como confidencial.\" \/>\n<meta property=\"og:url\" content=\"https:\/\/novvor.com\/en-us\/suggestions-box\/\" \/>\n<meta property=\"og:site_name\" content=\"Novvor USA\" \/>\n<meta property=\"article:modified_time\" content=\"2025-02-24T19:53:35+00:00\" \/>\n<meta name=\"twitter:card\" content=\"summary_large_image\" \/>\n<meta name=\"twitter:label1\" content=\"Est. reading time\" \/>\n\t<meta name=\"twitter:data1\" content=\"1 minute\" \/>\n<script type=\"application\/ld+json\" class=\"yoast-schema-graph\">{\"@context\":\"https:\\\/\\\/schema.org\",\"@graph\":[{\"@type\":\"WebPage\",\"@id\":\"https:\\\/\\\/novvor.com\\\/en-us\\\/suggestions-box\\\/\",\"url\":\"https:\\\/\\\/novvor.com\\\/en-us\\\/suggestions-box\\\/\",\"name\":\"Suggestions box - Novvor USA\",\"isPartOf\":{\"@id\":\"https:\\\/\\\/novvor.com\\\/en-us\\\/#website\"},\"datePublished\":\"2021-03-02T18:40:28+00:00\",\"dateModified\":\"2025-02-24T19:53:35+00:00\",\"breadcrumb\":{\"@id\":\"https:\\\/\\\/novvor.com\\\/en-us\\\/suggestions-box\\\/#breadcrumb\"},\"inLanguage\":\"en-US\",\"potentialAction\":[{\"@type\":\"ReadAction\",\"target\":[\"https:\\\/\\\/novvor.com\\\/en-us\\\/suggestions-box\\\/\"]}]},{\"@type\":\"BreadcrumbList\",\"@id\":\"https:\\\/\\\/novvor.com\\\/en-us\\\/suggestions-box\\\/#breadcrumb\",\"itemListElement\":[{\"@type\":\"ListItem\",\"position\":1,\"name\":\"Portada\",\"item\":\"https:\\\/\\\/novvor.com\\\/en-us\\\/\"},{\"@type\":\"ListItem\",\"position\":2,\"name\":\"Suggestions box\"}]},{\"@type\":\"WebSite\",\"@id\":\"https:\\\/\\\/novvor.com\\\/en-us\\\/#website\",\"url\":\"https:\\\/\\\/novvor.com\\\/en-us\\\/\",\"name\":\"Novvor USA\",\"description\":\"\",\"publisher\":{\"@id\":\"https:\\\/\\\/novvor.com\\\/en-us\\\/#organization\"},\"potentialAction\":[{\"@type\":\"SearchAction\",\"target\":{\"@type\":\"EntryPoint\",\"urlTemplate\":\"https:\\\/\\\/novvor.com\\\/en-us\\\/?s={search_term_string}\"},\"query-input\":{\"@type\":\"PropertyValueSpecification\",\"valueRequired\":true,\"valueName\":\"search_term_string\"}}],\"inLanguage\":\"en-US\"},{\"@type\":\"Organization\",\"@id\":\"https:\\\/\\\/novvor.com\\\/en-us\\\/#organization\",\"name\":\"Neuvor USA\",\"url\":\"https:\\\/\\\/novvor.com\\\/en-us\\\/\",\"logo\":{\"@type\":\"ImageObject\",\"inLanguage\":\"en-US\",\"@id\":\"https:\\\/\\\/novvor.com\\\/en-us\\\/#\\\/schema\\\/logo\\\/image\\\/\",\"url\":\"https:\\/\\/novvor.com\\/en-us\\/wp-content\\/uploads\\/sites\\/3\\/2025\\/11\\/Logo-Novvor-plus.svg\",\"contentUrl\":\"https:\\/\\/novvor.com\\/en-us\\/wp-content\\/uploads\\/sites\\/3\\/2025\\/11\\/Logo-Novvor-plus.svg\",\"width\":541,\"height\":79,\"caption\":\"Neuvor USA\"},\"image\":{\"@id\":\"https:\\\/\\\/novvor.com\\\/en-us\\\/#\\\/schema\\\/logo\\\/image\\\/\"}}]}<\/script>\n<!-- \/ Yoast SEO Premium plugin. -->","yoast_head_json":{"title":"Suggestions box - Novvor USA","robots":{"index":"index","follow":"follow","max-snippet":"max-snippet:-1","max-image-preview":"max-image-preview:large","max-video-preview":"max-video-preview:-1"},"canonical":"https:\/\/novvor.com\/en-us\/suggestions-box\/","og_locale":"en_US","og_type":"article","og_title":"Suggestions box","og_description":"Escr\u00edbenos. Queremos ser mejores A trav\u00e9s de nuestro Buz\u00f3n de Sugerencias estamos atentos a sus propuestas e ideas para la mejora continua de nuestros procesos internos, tanto t\u00e9cnicos como administrativos. Pol\u00edtica de privacidad Trataremos cualquier informaci\u00f3n que usted nos env\u00ede como confidencial.","og_url":"https:\/\/novvor.com\/en-us\/suggestions-box\/","og_site_name":"Novvor USA","article_modified_time":"2025-02-24T19:53:35+00:00","twitter_card":"summary_large_image","twitter_misc":{"Est. reading time":"1 minute"},"schema":{"@context":"https:\/\/schema.org","@graph":[{"@type":"WebPage","@id":"https:\/\/novvor.com\/en-us\/suggestions-box\/","url":"https:\/\/novvor.com\/en-us\/suggestions-box\/","name":"Suggestions box - Novvor USA","isPartOf":{"@id":"https:\/\/novvor.com\/en-us\/#website"},"datePublished":"2021-03-02T18:40:28+00:00","dateModified":"2025-02-24T19:53:35+00:00","breadcrumb":{"@id":"https:\/\/novvor.com\/en-us\/suggestions-box\/#breadcrumb"},"inLanguage":"en-US","potentialAction":[{"@type":"ReadAction","target":["https:\/\/novvor.com\/en-us\/suggestions-box\/"]}]},{"@type":"BreadcrumbList","@id":"https:\/\/novvor.com\/en-us\/suggestions-box\/#breadcrumb","itemListElement":[{"@type":"ListItem","position":1,"name":"Portada","item":"https:\/\/novvor.com\/en-us\/"},{"@type":"ListItem","position":2,"name":"Suggestions box"}]},{"@type":"WebSite","@id":"https:\/\/novvor.com\/en-us\/#website","url":"https:\/\/novvor.com\/en-us\/","name":"Novvor USA","description":"","publisher":{"@id":"https:\/\/novvor.com\/en-us\/#organization"},"potentialAction":[{"@type":"SearchAction","target":{"@type":"EntryPoint","urlTemplate":"https:\/\/novvor.com\/en-us\/?s={search_term_string}"},"query-input":{"@type":"PropertyValueSpecification","valueRequired":true,"valueName":"search_term_string"}}],"inLanguage":"en-US"},{"@type":"Organization","@id":"https:\/\/novvor.com\/en-us\/#organization","name":"Neuvor USA","url":"https:\/\/novvor.com\/en-us\/","logo":{"@type":"ImageObject","inLanguage":"en-US","@id":"https:\/\/novvor.com\/en-us\/#\/schema\/logo\/image\/","url":"https:\/\/mld5ajx0udys.i.optimole.com\/cb:_1Uj.32318\/w:auto\/h:auto\/q:mauto\/g:sm\/f:best\/ig:avif\/https:\/\/novvor.com\/en-us\/wp-content\/uploads\/sites\/3\/2025\/11\/Logo-Novvor-plus.svg","contentUrl":"https:\/\/mld5ajx0udys.i.optimole.com\/cb:_1Uj.32318\/w:auto\/h:auto\/q:mauto\/g:sm\/f:best\/ig:avif\/https:\/\/novvor.com\/en-us\/wp-content\/uploads\/sites\/3\/2025\/11\/Logo-Novvor-plus.svg","width":541,"height":79,"caption":"Neuvor USA"},"image":{"@id":"https:\/\/novvor.com\/en-us\/#\/schema\/logo\/image\/"}}]}},"_links":{"self":[{"href":"https:\/\/novvor.com\/en-us\/wp-json\/wp\/v2\/pages\/3379","targetHints":{"allow":["GET"]}}],"collection":[{"href":"https:\/\/novvor.com\/en-us\/wp-json\/wp\/v2\/pages"}],"about":[{"href":"https:\/\/novvor.com\/en-us\/wp-json\/wp\/v2\/types\/page"}],"author":[{"embeddable":true,"href":"https:\/\/novvor.com\/en-us\/wp-json\/wp\/v2\/users\/3"}],"replies":[{"embeddable":true,"href":"https:\/\/novvor.com\/en-us\/wp-json\/wp\/v2\/comments?post=3379"}],"version-history":[{"count":1,"href":"https:\/\/novvor.com\/en-us\/wp-json\/wp\/v2\/pages\/3379\/revisions"}],"predecessor-version":[{"id":11354,"href":"https:\/\/novvor.com\/en-us\/wp-json\/wp\/v2\/pages\/3379\/revisions\/11354"}],"wp:attachment":[{"href":"https:\/\/novvor.com\/en-us\/wp-json\/wp\/v2\/media?parent=3379"}],"curies":[{"name":"wp","href":"https:\/\/api.w.org\/{rel}","templated":true}]}}